{"id":10,"date":"2020-10-14T09:33:17","date_gmt":"2020-10-14T09:33:17","guid":{"rendered":"https:\/\/tigre5-cm.networks.imdea.org\/?page_id=10"},"modified":"2021-01-18T11:12:55","modified_gmt":"2021-01-18T11:12:55","slug":"home","status":"publish","type":"page","link":"https:\/\/tigre5-cm.networks.imdea.org\/es\/","title":{"rendered":"Home"},"content":{"rendered":"<div id=\"pl-10\"  class=\"panel-layout\" ><div id=\"pg-10-0\"  class=\"panel-grid panel-no-style\" ><div id=\"pgc-10-0-0\"  class=\"panel-grid-cell\" ><div id=\"panel-10-0-0-0\" class=\"so-panel widget widget_media_image panel-first-child panel-last-child\" data-index=\"0\" ><img loading=\"lazy\" decoding=\"async\" width=\"300\" height=\"286\" src=\"https:\/\/tigre5-cm.networks.imdea.org\/wp-content\/uploads\/sites\/8\/2021\/01\/tigre5-logo-textura-300x286.jpg\" class=\"image wp-image-277  attachment-medium size-medium\" alt=\"\" style=\"max-width: 100%; height: auto;\" srcset=\"https:\/\/tigre5-cm.networks.imdea.org\/wp-content\/uploads\/sites\/8\/2021\/01\/tigre5-logo-textura-300x286.jpg 300w, https:\/\/tigre5-cm.networks.imdea.org\/wp-content\/uploads\/sites\/8\/2021\/01\/tigre5-logo-textura-768x731.jpg 768w, https:\/\/tigre5-cm.networks.imdea.org\/wp-content\/uploads\/sites\/8\/2021\/01\/tigre5-logo-textura.jpg 807w\" sizes=\"auto, (max-width: 300px) 100vw, 300px\" \/><\/div><\/div><div id=\"pgc-10-0-1\"  class=\"panel-grid-cell\" ><div id=\"panel-10-0-1-0\" class=\"so-panel widget widget_sow-editor panel-first-child panel-last-child\" data-index=\"1\" ><div\n\t\t\t\n\t\t\tclass=\"so-widget-sow-editor so-widget-sow-editor-base\"\n\t\t\t\n\t\t>\n<div class=\"siteorigin-widget-tinymce textwidget\">\n\t<h1 class=\"rtejustify\" style=\"text-align: justify\">TIGRE5-CM S2018\/TCS-4496<\/h1>\n<h2 style=\"text-align: justify\">T\u00e9cnicas Avanzadas para Potenciar la Inteligencia de las Redes 5G<\/h2>\n<p style=\"text-align: justify\">TIGRE5-CM est\u00e1 financiado por\u00a0la\u00a0Comunidad Aut\u00f3noma de Madrid\u00a0a trav\u00e9s del programa de tecnolog\u00eda I+D 2018 para grupos de investigaci\u00f3n y cofinanciado por el Programa Operativo del\u00a0Fondo Social Europeo\u00a0(FSE) y el\u00a0Fondo Europeo de Desarrollo Regional.<\/p>\n<\/div>\n<\/div><\/div><\/div><\/div><div id=\"pg-10-1\"  class=\"panel-grid panel-no-style\" ><div id=\"pgc-10-1-0\"  class=\"panel-grid-cell\" ><div id=\"panel-10-1-0-0\" class=\"so-panel widget widget_sow-editor panel-first-child panel-last-child\" data-index=\"2\" ><div\n\t\t\t\n\t\t\tclass=\"so-widget-sow-editor so-widget-sow-editor-base\"\n\t\t\t\n\t\t>\n<div class=\"siteorigin-widget-tinymce textwidget\">\n\t<h1 style=\"text-align: justify\">Resumen<\/h1>\n<p class=\"rtejustify\" style=\"text-align: justify\">El desarrollo y gesti\u00f3n de las redes de telecomunicaciones se torna cada vez m\u00e1s complejo. Para simplificarlas, son necesarias soluciones nuevas que garanticen a los usuarios la fiabilidad y la calidad de la experiencia, al tiempo que aseguren que los servicios siguen teniendo un coste competitivo para las compa\u00f1\u00edas y operadoras que los suministran. La mejora de las soluciones en la arquitectura que va a desarrollar TIGRE5-CM influir\u00e1 en la inteligencia de red para que las redes m\u00f3viles 5G y de generaciones posteriores alcancen estos objetivos. TIGRE5-CM construye sobre los logros del recientemente concluido proyecto TIGRE5-CM, que ofrec\u00eda una arquitectura basada en Redes Definidas por Software (SDN, Software-Defined Networks).<\/p>\n<p style=\"text-align: justify\">El resultado del proyecto se traducir\u00e1 en el desarrollo de arquitecturas de red que ser\u00e1n, al mismo tiempo, m\u00e1s \u00e1giles y m\u00e1s s\u00f3lidas. Los usuarios disfrutar\u00e1n tanto de una mejora en la fiabilidad del servicio como de la reducci\u00f3n de los incidentes y fallos del mismo, as\u00ed como de una respuesta m\u00e1s firme a los fallos que puedan producirse<\/p>\n<h1>Grupos<\/h1>\n<\/div>\n<\/div><\/div><\/div><\/div><div id=\"pg-10-2\"  class=\"panel-grid panel-no-style\" ><div id=\"pgc-10-2-0\"  class=\"panel-grid-cell\" ><div id=\"panel-10-2-0-0\" class=\"so-panel widget widget_media_image panel-first-child panel-last-child\" data-index=\"3\" ><h3 class=\"widget-title\">WNG-IMDEA<\/h3><img loading=\"lazy\" decoding=\"async\" width=\"300\" height=\"140\" src=\"https:\/\/tigre5-cm.networks.imdea.org\/wp-content\/uploads\/sites\/8\/2021\/01\/01-imdea-300x140.png\" class=\"image wp-image-262  attachment-medium size-medium\" alt=\"\" style=\"max-width: 100%; height: auto;\" srcset=\"https:\/\/tigre5-cm.networks.imdea.org\/wp-content\/uploads\/sites\/8\/2021\/01\/01-imdea-300x140.png 300w, https:\/\/tigre5-cm.networks.imdea.org\/wp-content\/uploads\/sites\/8\/2021\/01\/01-imdea.png 637w\" sizes=\"auto, (max-width: 300px) 100vw, 300px\" \/><\/div><\/div><div id=\"pgc-10-2-1\"  class=\"panel-grid-cell\" ><div id=\"panel-10-2-1-0\" class=\"so-panel widget widget_media_image panel-first-child panel-last-child\" data-index=\"4\" ><h3 class=\"widget-title\">GIST-UAH<\/h3><img loading=\"lazy\" decoding=\"async\" width=\"300\" height=\"96\" src=\"https:\/\/tigre5-cm.networks.imdea.org\/wp-content\/uploads\/sites\/8\/2021\/01\/01-uah-300x96.jpg\" class=\"image wp-image-263  attachment-medium size-medium\" alt=\"\" style=\"max-width: 100%; height: auto;\" srcset=\"https:\/\/tigre5-cm.networks.imdea.org\/wp-content\/uploads\/sites\/8\/2021\/01\/01-uah-300x96.jpg 300w, https:\/\/tigre5-cm.networks.imdea.org\/wp-content\/uploads\/sites\/8\/2021\/01\/01-uah.jpg 512w\" sizes=\"auto, (max-width: 300px) 100vw, 300px\" \/><\/div><\/div><div id=\"pgc-10-2-2\"  class=\"panel-grid-cell\" ><div id=\"panel-10-2-2-0\" class=\"so-panel widget widget_media_image panel-first-child panel-last-child\" data-index=\"5\" ><h3 class=\"widget-title\">WNL-UC3M<\/h3><img loading=\"lazy\" decoding=\"async\" width=\"300\" height=\"89\" src=\"https:\/\/tigre5-cm.networks.imdea.org\/wp-content\/uploads\/sites\/8\/2021\/01\/01-uc3m-300x89.png\" class=\"image wp-image-265  attachment-medium size-medium\" alt=\"\" style=\"max-width: 100%; height: auto;\" srcset=\"https:\/\/tigre5-cm.networks.imdea.org\/wp-content\/uploads\/sites\/8\/2021\/01\/01-uc3m-300x89.png 300w, https:\/\/tigre5-cm.networks.imdea.org\/wp-content\/uploads\/sites\/8\/2021\/01\/01-uc3m-768x228.png 768w, https:\/\/tigre5-cm.networks.imdea.org\/wp-content\/uploads\/sites\/8\/2021\/01\/01-uc3m.png 800w\" sizes=\"auto, (max-width: 300px) 100vw, 300px\" \/><\/div><\/div><div id=\"pgc-10-2-3\"  class=\"panel-grid-cell\" ><div id=\"panel-10-2-3-0\" class=\"so-panel widget widget_media_image panel-first-child panel-last-child\" data-index=\"6\" ><h3 class=\"widget-title\">ADSCOM-UC3M<\/h3><img loading=\"lazy\" decoding=\"async\" width=\"300\" height=\"89\" src=\"https:\/\/tigre5-cm.networks.imdea.org\/wp-content\/uploads\/sites\/8\/2021\/01\/01-uc3m-300x89.png\" class=\"image wp-image-265  attachment-medium size-medium\" alt=\"\" style=\"max-width: 100%; height: auto;\" srcset=\"https:\/\/tigre5-cm.networks.imdea.org\/wp-content\/uploads\/sites\/8\/2021\/01\/01-uc3m-300x89.png 300w, https:\/\/tigre5-cm.networks.imdea.org\/wp-content\/uploads\/sites\/8\/2021\/01\/01-uc3m-768x228.png 768w, https:\/\/tigre5-cm.networks.imdea.org\/wp-content\/uploads\/sites\/8\/2021\/01\/01-uc3m.png 800w\" sizes=\"auto, (max-width: 300px) 100vw, 300px\" \/><\/div><\/div><\/div><div id=\"pg-10-3\"  class=\"panel-grid panel-no-style\" ><div id=\"pgc-10-3-0\"  class=\"panel-grid-cell panel-grid-cell-empty\" ><\/div><\/div><\/div>","protected":false},"excerpt":{"rendered":"TIGRE5-CM S2018\/TCS-4496 T\u00e9cnicas Avanzadas para Potenciar la Inteligencia de las Redes 5G TIGRE5-CM est\u00e1 financiado por\u00a0la\u00a0Comunidad Aut\u00f3noma de Madrid\u00a0a trav\u00e9s del programa de tecnolog\u00eda I+D 2018 para grupos de investigaci\u00f3n y cofinanciado por el Programa Operativo del\u00a0Fondo Social Europeo\u00a0(FSE) y el\u00a0Fondo Europeo de Desarrollo Regional. Resumen El desarrollo y gesti\u00f3n de las redes de telecomunicaciones&#8230;","protected":false},"author":97,"featured_media":0,"parent":0,"menu_order":0,"comment_status":"closed","ping_status":"closed","template":"","meta":{"_acf_changed":false,"footnotes":""},"class_list":["post-10","page","type-page","status-publish","hentry"],"acf":[],"_links":{"self":[{"href":"https:\/\/tigre5-cm.networks.imdea.org\/es\/wp-json\/wp\/v2\/pages\/10","targetHints":{"allow":["GET"]}}],"collection":[{"href":"https:\/\/tigre5-cm.networks.imdea.org\/es\/wp-json\/wp\/v2\/pages"}],"about":[{"href":"https:\/\/tigre5-cm.networks.imdea.org\/es\/wp-json\/wp\/v2\/types\/page"}],"author":[{"embeddable":true,"href":"https:\/\/tigre5-cm.networks.imdea.org\/es\/wp-json\/wp\/v2\/users\/97"}],"replies":[{"embeddable":true,"href":"https:\/\/tigre5-cm.networks.imdea.org\/es\/wp-json\/wp\/v2\/comments?post=10"}],"version-history":[{"count":39,"href":"https:\/\/tigre5-cm.networks.imdea.org\/es\/wp-json\/wp\/v2\/pages\/10\/revisions"}],"predecessor-version":[{"id":290,"href":"https:\/\/tigre5-cm.networks.imdea.org\/es\/wp-json\/wp\/v2\/pages\/10\/revisions\/290"}],"wp:attachment":[{"href":"https:\/\/tigre5-cm.networks.imdea.org\/es\/wp-json\/wp\/v2\/media?parent=10"}],"curies":[{"name":"wp","href":"https:\/\/api.w.org\/{rel}","templated":true}]}}