{"id":2,"date":"2020-10-14T09:16:37","date_gmt":"2020-10-14T09:16:37","guid":{"rendered":"https:\/\/tigre5-cm.networks.imdea.org\/?page_id=2"},"modified":"2021-01-18T11:13:43","modified_gmt":"2021-01-18T11:13:43","slug":"grupos","status":"publish","type":"page","link":"https:\/\/tigre5-cm.networks.imdea.org\/es\/grupos\/","title":{"rendered":"Grupos"},"content":{"rendered":"<p><\/p>\n<div id=\"pl-2\" class=\"panel-layout\">\n<div id=\"pg-2-0\" class=\"panel-grid panel-no-style\" data-style=\"{&quot;background_image_attachment&quot;:false,&quot;background_display&quot;:&quot;tile&quot;,&quot;cell_alignment&quot;:&quot;flex-start&quot;}\">\n<div id=\"pgc-2-0-0\" class=\"panel-grid-cell\" data-weight=\"0.25\">\n<h1 id=\"panel-2-0-0-0\" class=\"so-panel widget widget_sow-image panel-first-child panel-last-child\" data-index=\"0\" data-style=\"{&quot;background_image_attachment&quot;:false,&quot;background_display&quot;:&quot;tile&quot;}\"><span style=\"text-align: justify\">WNG-IMDEA<\/span><\/h1>\n<\/div>\n<div id=\"pgc-2-0-1\" class=\"panel-grid-cell\" data-weight=\"0.75\">\n<div id=\"panel-2-0-1-0\" class=\"so-panel widget widget_sow-editor panel-first-child panel-last-child\" data-index=\"1\" data-style=\"{&quot;background_image_attachment&quot;:false,&quot;background_display&quot;:&quot;tile&quot;}\">\n<div class=\"so-widget-sow-editor so-widget-sow-editor-base\">\n<div class=\"siteorigin-widget-tinymce textwidget\">\n<h3 style=\"text-align: justify\">Coordinador: Dr. Joerg Widmer<\/h3>\n<ul>\n<li style=\"text-align: justify\">El grupo de investigaci\u00f3n Wireless Networking Group pertenece al Instituto IMDEA Networks, un instituto de investigaci\u00f3n internacional con sede en Madrid. El principal objetivo del WNG-IMDEA es la investigaci\u00f3n avanzada en redes inal\u00e1mbricas, y sus miembros tienen una demostrada experiencia en dicha \u00e1rea, y m\u00e1s espec\u00edficamente en la gesti\u00f3n de interferencia, dise\u00f1o de protocolos MAC, esquemas de transmisi\u00f3n oportunista, redes m\u00f3viles de tipo 3G y LTE, redes WLAN, y redes autoorganizadas. Dicha investigaci\u00f3n se realiza con frecuencia en colaboraci\u00f3n con las administraciones p\u00fablicas y la industria.El coordinador del grupo, Joerg Widmer, tiene una amplia experiencia tanto en institutos de investigaci\u00f3n del m\u00e1s alto nivel (EPFL, ICSI) como en en la industria (NTT Docomo), es autor de varias patentes, y ha contribuido de forma muy activa a la transferencia industrial. Recientemente se le ha concedido una subvenci\u00f3n ERC Consolidator Grant y beca Ram\u00f3n y Cajal. Adem\u00e1s es alto miembro de IEEE y ACM.<\/li>\n<\/ul>\n<\/div>\n<\/div>\n<\/div>\n<\/div>\n<\/div>\n<div id=\"pg-2-1\" class=\"panel-grid panel-no-style\" data-style=\"{&quot;background_image_attachment&quot;:false,&quot;background_display&quot;:&quot;tile&quot;,&quot;cell_alignment&quot;:&quot;flex-start&quot;}\">\n<div id=\"pgc-2-1-1\" class=\"panel-grid-cell\" data-weight=\"0.75\">\n<div id=\"panel-2-1-1-0\" class=\"so-panel widget widget_sow-editor panel-first-child panel-last-child\" data-index=\"3\" data-style=\"{&quot;background_image_attachment&quot;:false,&quot;background_display&quot;:&quot;tile&quot;}\">\n<div class=\"so-widget-sow-editor so-widget-sow-editor-base\">\n<div class=\"siteorigin-widget-tinymce textwidget\">\n<h1 style=\"text-align: justify\">ADSCOM-UC3M<\/h1>\n<h3 style=\"text-align: justify\">Coordinador: Dr. Jose Alberto Hern\u00e1ndez<\/h3>\n<ul>\n<li style=\"text-align: justify\">El grupo de investigaci\u00f3n ADSCOM (Advanced Switching and Communication Technologies),\u00a0est\u00e1 integrado dentro del Departamento de Ingenier\u00eda Telem\u00e1tica de la Universidad Carlos III de Madrid. El equipo cuenta con experiencia en proyectos de programas de la Uni\u00f3n Europea, promueve la movilidad de nuestros investigadores.<\/li>\n<li style=\"text-align: justify\">El grupo ha publicado m\u00e1s de 150 art\u00edculos en revistas y congresos internacionales de reconocido prestigio, y ha participado en m\u00e1s de 20 proyectos de investigaci\u00f3n europeos, nacionales y regionales, as\u00ed como con la industria privada.<\/li>\n<\/ul>\n<\/div>\n<\/div>\n<\/div>\n<\/div>\n<\/div>\n<div id=\"pg-2-2\" class=\"panel-grid panel-no-style\" data-style=\"{&quot;background_image_attachment&quot;:false,&quot;background_display&quot;:&quot;tile&quot;,&quot;cell_alignment&quot;:&quot;flex-start&quot;}\">\n<div id=\"pgc-2-2-1\" class=\"panel-grid-cell\" data-weight=\"0.75\">\n<div id=\"panel-2-2-1-0\" class=\"so-panel widget widget_sow-editor panel-first-child panel-last-child\" data-index=\"5\" data-style=\"{&quot;background_image_attachment&quot;:false,&quot;background_display&quot;:&quot;tile&quot;}\">\n<div class=\"so-widget-sow-editor so-widget-sow-editor-base\">\n<div class=\"siteorigin-widget-tinymce textwidget\">\n<h1 style=\"text-align: justify\">GIST-UAH<\/h1>\n<h3 style=\"text-align: justify\">Coordinador: Dr. Juan Ram\u00f3n Velasco<\/h3>\n<ul>\n<li style=\"text-align: justify\">El grupo GIST-UAH est\u00e1 formado por tres unidades de investigaci\u00f3n: NETSERV, IKACS y NESIS. El grupo est\u00e1 liderado por el Dr. y catedr\u00e1tico de universidad D. Juan Ram\u00f3n Velasco, con dilatada trayectoria investigadora y numerosas publicaciones. El grupo est\u00e1 participando actualmente en varios proyectos nacionales e internacionales.<\/li>\n<\/ul>\n<h1 style=\"text-align: justify\">WNL-UC3M<\/h1>\n<h3 style=\"text-align: justify\">Coordinador: Dr. <strong>Pablo Serrano <\/strong><\/h3>\n<ul>\n<li style=\"text-align: justify\">El grupo de investigaci\u00f3n WLN-UC3M del Departamento de Telem\u00e1tica de la Universidad Carlos III de Madrid, participa de forma activa tanto en educaci\u00f3n universitaria como en investigaci\u00f3n de temas avanzados de servicios y aplicaciones en redes inal\u00e1mbricas. Su docencia e investigaci\u00f3n abarca desde redes basadas en tecnolog\u00eda 802.11 (WiFi) hasta redes m\u00f3viles, de 3G, LTE y futura generaci\u00f3n.El responsable del grupo, Pablo Serrano, cuenta con una amplia experiencia investigadora, siendo autor de m\u00e1s de 70 art\u00edculos cient\u00edficos, y de participaci\u00f3n en proyectos colaborativos europeos, nacionales y regionales. Ha realizado estancias de investigaci\u00f3n en la Univ. de Massachusetts Amherst, en Telef\u00f3nica I+D en Barcelona y el Trinity College en Dublin, y participa regularmente en el comit\u00e9 cient\u00edfico de varias conferencias y revistas del \u00e1rea.<\/li>\n<\/ul>\n<\/div>\n<\/div>\n<\/div>\n<\/div>\n<\/div>\n<div id=\"pg-2-3\" class=\"panel-grid panel-no-style\" data-style=\"{&quot;background_image_attachment&quot;:false,&quot;background_display&quot;:&quot;tile&quot;,&quot;cell_alignment&quot;:&quot;flex-start&quot;}\">\n<div id=\"pgc-2-3-0\" class=\"panel-grid-cell\" data-weight=\"0.5\">\n<div id=\"panel-2-3-0-0\" class=\"so-panel widget widget_sow-editor panel-first-child panel-last-child\" data-index=\"6\" data-style=\"{&quot;background_image_attachment&quot;:false,&quot;background_display&quot;:&quot;tile&quot;}\">\n<div class=\"so-widget-sow-editor so-widget-sow-editor-base\">\n<div class=\"siteorigin-widget-tinymce textwidget\">\n<h1 style=\"text-align: justify\">Comit\u00e9 de Gesti\u00f3n<\/h1>\n<ul>\n<li style=\"text-align: justify\">Joerg Widmer (Coordinador)<\/li>\n<li style=\"text-align: justify\">Jose Alberto Hern\u00e1ndez<\/li>\n<li style=\"text-align: justify\">Juan Antonio Carral<\/li>\n<li>Pablo Serrano<\/li>\n<li style=\"text-align: justify\">Francisco Javier Herv\u00e1s (Secretario)<\/li>\n<\/ul>\n<\/div>\n<\/div>\n<\/div>\n<\/div>\n<div id=\"pgc-2-3-1\" class=\"panel-grid-cell\" data-weight=\"0.5\">\n<div id=\"panel-2-3-1-0\" class=\"so-panel widget widget_sow-editor panel-first-child panel-last-child\" data-index=\"7\" data-style=\"{&quot;background_image_attachment&quot;:false,&quot;background_display&quot;:&quot;tile&quot;}\">\n<div class=\"so-widget-sow-editor so-widget-sow-editor-base\">\n<div class=\"siteorigin-widget-tinymce textwidget\">\n<h1>Empresas Asociadas<\/h1>\n<ul>\n<li><img loading=\"lazy\" decoding=\"async\" class=\"\" src=\"https:\/\/tigre5-cm.networks.imdea.org\/sites\/default\/files\/sitefiles\/images\/logos%20empresas%20asociadas%20tapir.jpg\" alt=\"\" width=\"476\" height=\"178\" \/>Telef\u00f3nica I+D<\/li>\n<li>Ericsson<\/li>\n<li>Teldat<\/li>\n<\/ul>\n<\/div>\n<\/div>\n<\/div>\n<\/div>\n<\/div>\n<\/div>\n<p><\/p>","protected":false},"excerpt":{"rendered":"WNG-IMDEA Coordinador: Dr. Joerg Widmer El grupo de investigaci\u00f3n Wireless Networking Group pertenece al Instituto IMDEA Networks, un instituto de investigaci\u00f3n internacional con sede en Madrid. El principal objetivo del WNG-IMDEA es la investigaci\u00f3n avanzada en redes inal\u00e1mbricas, y sus miembros tienen una demostrada experiencia en dicha \u00e1rea, y m\u00e1s espec\u00edficamente en la gesti\u00f3n de&#8230;","protected":false},"author":206,"featured_media":0,"parent":0,"menu_order":1,"comment_status":"closed","ping_status":"closed","template":"","meta":{"_acf_changed":false,"footnotes":""},"class_list":["post-2","page","type-page","status-publish","hentry"],"acf":[],"_links":{"self":[{"href":"https:\/\/tigre5-cm.networks.imdea.org\/es\/wp-json\/wp\/v2\/pages\/2","targetHints":{"allow":["GET"]}}],"collection":[{"href":"https:\/\/tigre5-cm.networks.imdea.org\/es\/wp-json\/wp\/v2\/pages"}],"about":[{"href":"https:\/\/tigre5-cm.networks.imdea.org\/es\/wp-json\/wp\/v2\/types\/page"}],"author":[{"embeddable":true,"href":"https:\/\/tigre5-cm.networks.imdea.org\/es\/wp-json\/wp\/v2\/users\/206"}],"replies":[{"embeddable":true,"href":"https:\/\/tigre5-cm.networks.imdea.org\/es\/wp-json\/wp\/v2\/comments?post=2"}],"version-history":[{"count":11,"href":"https:\/\/tigre5-cm.networks.imdea.org\/es\/wp-json\/wp\/v2\/pages\/2\/revisions"}],"predecessor-version":[{"id":291,"href":"https:\/\/tigre5-cm.networks.imdea.org\/es\/wp-json\/wp\/v2\/pages\/2\/revisions\/291"}],"wp:attachment":[{"href":"https:\/\/tigre5-cm.networks.imdea.org\/es\/wp-json\/wp\/v2\/media?parent=2"}],"curies":[{"name":"wp","href":"https:\/\/api.w.org\/{rel}","templated":true}]}}