{"id":21,"date":"2020-10-14T09:44:39","date_gmt":"2020-10-14T09:44:39","guid":{"rendered":"https:\/\/tigre5-cm.networks.imdea.org\/?page_id=21"},"modified":"2021-01-18T10:38:15","modified_gmt":"2021-01-18T10:38:15","slug":"objetivos","status":"publish","type":"page","link":"https:\/\/tigre5-cm.networks.imdea.org\/es\/objetivos\/","title":{"rendered":"Objetivos"},"content":{"rendered":"<div id=\"pl-21\"  class=\"panel-layout\" ><div id=\"pg-21-0\"  class=\"panel-grid panel-no-style\" ><div id=\"pgc-21-0-0\"  class=\"panel-grid-cell\" ><div id=\"panel-21-0-0-0\" class=\"so-panel widget widget_sow-editor panel-first-child panel-last-child\" data-index=\"0\" ><div\n\t\t\t\n\t\t\tclass=\"so-widget-sow-editor so-widget-sow-editor-base\"\n\t\t\t\n\t\t>\n<div class=\"siteorigin-widget-tinymce textwidget\">\n\t<p style=\"text-align: justify\">El objetivo de\u00a0<strong>TIGRE5-\u00adCM<\/strong>\u00a0es el desarrollo de tecnolog\u00edas para redes 5G y su integraci\u00f3n en una arquitectura\u00a0com\u00fan, que permita un uso din\u00e1mico, flexible y eficiente de los recursos disponibles en una red m\u00f3vil de\u00a0comunicaciones. Este objetivo general se alcanza mediante la ejecuci\u00f3n de cuatro bloques de trabajo,\u00a0ilustrados en la siguiente figura, y que su vez se dividen en una serie de objetivos inter\u00adrelacionados.<\/p>\n<ul style=\"text-align: justify\">\n<li><strong>WP1: Control de la red (coord.: ADSCOM\u00ad-UC3M)<\/strong>\n<ul>\n<li><u>Objetivo 1<\/u>: Dise\u00f1o del controlador para redes 5G<\/li>\n<li><u>Objetivo 2<\/u>: Monitorizaci\u00f3n, supervisi\u00f3n y protecci\u00f3n de la red<\/li>\n<\/ul>\n<\/li>\n<li><strong>WP2: Tecnolog\u00edas de acceso (coord.: WNL\u00ad-UC3M)<\/strong>\n<ul>\n<li><u>Objetivo 3<\/u>: An\u00e1lisis y flexibilizaci\u00f3n del terminal de usuario<\/li>\n<li><u>Objetivo 4<\/u>: Gesti\u00f3n y optimizaci\u00f3n de la red de acceso<\/li>\n<\/ul>\n<\/li>\n<li><strong>WP3: Tecnolog\u00edas de la red n\u00facleo (coord.: GIST\u00ad-UAH)<\/strong>\n<ul>\n<li><u>Objetivo 5<\/u>: Transporte todo \u00f3ptico<\/li>\n<li><u>Objetivo 6<\/u>: Conmutadores gen\u00e9ricos multicapa y plataformas para implementaci\u00f3n de \u00a0conmutadores\u00a0avanzados<\/li>\n<li><u>Objetivo 7<\/u>: Evoluci\u00f3n de protocolos All\u00adPath y Torii\u00adHLMAC<\/li>\n<\/ul>\n<\/li>\n<li><strong>WP4: Gesti\u00f3n y optimizaci\u00f3n de recursos (coord.: WNG-\u00adIMDEA)<\/strong>\n<ul>\n<li><u>Objetivo 8<\/u>: Medida y predicci\u00f3n de demanda de tr\u00e1fico<\/li>\n<li><u>Objetivo 9<\/u>: Gesti\u00f3n y optimizaci\u00f3n de recursos de la red<\/li>\n<\/ul>\n<\/li>\n<\/ul>\n<p style=\"text-align: justify\"><u>Objetivos espec\u00edficos<\/u><\/p>\n<ol>\n<li style=\"text-align: justify\">Abordar el dise\u00f1o del controlador SDN y de sus interfaces para redes 5G.<\/li>\n<li style=\"text-align: justify\">Dise\u00f1ar mecanismos de monitorizaci\u00f3n, supervisi\u00f3n y protecci\u00f3n de la red de control.<\/li>\n<li style=\"text-align: justify\">Desarrollo de esquemas de optimizaci\u00f3n de recursos de la red, basados en medici\u00f3n y predicci\u00f3n de la demanda de tr\u00e1fico.<\/li>\n<li style=\"text-align: justify\">Desarrollo de tecnolog\u00edas avanzadas de conmutaci\u00f3n y transporte, basada en conmutadores Ethernet gen\u00e9ricos multicapa y en el transporte \u201ctodo \u00f3ptico\u201d con calidad de servicio.<\/li>\n<li style=\"text-align: justify\">Flexibilizaci\u00f3n del terminal y su control por la red. Lograr una arquitectura de red integrada de altas prestaciones con un plano de control y un plano de datos que implementen una red flexible, de altas prestaciones y coste moderado, configurable y programable, robusta, e interoperable, construida preferentemente con elementos de hardware y software abierto.<\/li>\n<\/ol>\n<\/div>\n<\/div><\/div><\/div><\/div><\/div>","protected":false},"excerpt":{"rendered":"El objetivo de\u00a0TIGRE5-\u00adCM\u00a0es el desarrollo de tecnolog\u00edas para redes 5G y su integraci\u00f3n en una arquitectura\u00a0com\u00fan, que permita un uso din\u00e1mico, flexible y eficiente de los recursos disponibles en una red m\u00f3vil de\u00a0comunicaciones. Este objetivo general se alcanza mediante la ejecuci\u00f3n de cuatro bloques de trabajo,\u00a0ilustrados en la siguiente figura, y que su vez se&#8230;","protected":false},"author":97,"featured_media":0,"parent":0,"menu_order":3,"comment_status":"closed","ping_status":"closed","template":"","meta":{"_acf_changed":false,"footnotes":""},"class_list":["post-21","page","type-page","status-publish","hentry"],"acf":[],"_links":{"self":[{"href":"https:\/\/tigre5-cm.networks.imdea.org\/es\/wp-json\/wp\/v2\/pages\/21","targetHints":{"allow":["GET"]}}],"collection":[{"href":"https:\/\/tigre5-cm.networks.imdea.org\/es\/wp-json\/wp\/v2\/pages"}],"about":[{"href":"https:\/\/tigre5-cm.networks.imdea.org\/es\/wp-json\/wp\/v2\/types\/page"}],"author":[{"embeddable":true,"href":"https:\/\/tigre5-cm.networks.imdea.org\/es\/wp-json\/wp\/v2\/users\/97"}],"replies":[{"embeddable":true,"href":"https:\/\/tigre5-cm.networks.imdea.org\/es\/wp-json\/wp\/v2\/comments?post=21"}],"version-history":[{"count":5,"href":"https:\/\/tigre5-cm.networks.imdea.org\/es\/wp-json\/wp\/v2\/pages\/21\/revisions"}],"predecessor-version":[{"id":183,"href":"https:\/\/tigre5-cm.networks.imdea.org\/es\/wp-json\/wp\/v2\/pages\/21\/revisions\/183"}],"wp:attachment":[{"href":"https:\/\/tigre5-cm.networks.imdea.org\/es\/wp-json\/wp\/v2\/media?parent=21"}],"curies":[{"name":"wp","href":"https:\/\/api.w.org\/{rel}","templated":true}]}}